{"id":20817,"date":"2015-10-13T11:34:44","date_gmt":"2015-10-13T09:34:44","guid":{"rendered":"https:\/\/weinstamm.ch\/kontakt\/"},"modified":"2023-10-23T16:24:14","modified_gmt":"2023-10-23T14:24:14","slug":"kontakt","status":"publish","type":"page","link":"https:\/\/weinstamm.ch\/fr\/kontakt\/","title":{"rendered":"CONTACT"},"content":{"rendered":"\t\t<div data-elementor-type=\"wp-page\" data-elementor-id=\"20817\" class=\"elementor elementor-20817\" data-elementor-post-type=\"page\">\n\t\t\t\t\t\t<section class=\"elementor-section elementor-top-section elementor-element elementor-element-183378e6 elementor-section-boxed elementor-section-height-default elementor-section-height-default\" data-id=\"183378e6\" data-element_type=\"section\" data-e-type=\"section\">\n\t\t\t\t\t\t<div class=\"elementor-container elementor-column-gap-default\">\n\t\t\t\t\t<div class=\"elementor-column elementor-col-100 elementor-top-column elementor-element elementor-element-139721e6\" data-id=\"139721e6\" data-element_type=\"column\" data-e-type=\"column\">\n\t\t\t<div class=\"elementor-widget-wrap elementor-element-populated\">\n\t\t\t\t\t\t<div class=\"elementor-element elementor-element-5526481 elementor-widget elementor-widget-heading\" data-id=\"5526481\" data-element_type=\"widget\" data-e-type=\"widget\" data-widget_type=\"heading.default\">\n\t\t\t\t<div class=\"elementor-widget-container\">\n\t\t\t\t\t<h2 class=\"elementor-heading-title elementor-size-default\">NOUS CONTACTER<\/h2>\t\t\t\t<\/div>\n\t\t\t\t<\/div>\n\t\t\t\t\t<\/div>\n\t\t<\/div>\n\t\t\t\t\t<\/div>\n\t\t<\/section>\n\t\t\t\t<section class=\"elementor-section elementor-top-section elementor-element elementor-element-ffd89f6 elementor-section-boxed elementor-section-height-default elementor-section-height-default\" data-id=\"ffd89f6\" data-element_type=\"section\" data-e-type=\"section\">\n\t\t\t\t\t\t<div class=\"elementor-container elementor-column-gap-default\">\n\t\t\t\t\t<div class=\"elementor-column elementor-col-33 elementor-top-column elementor-element elementor-element-f95d3c1\" data-id=\"f95d3c1\" data-element_type=\"column\" data-e-type=\"column\">\n\t\t\t<div class=\"elementor-widget-wrap elementor-element-populated\">\n\t\t\t\t\t\t<div class=\"elementor-element elementor-element-4ed1091 elementor-widget elementor-widget-text-editor\" data-id=\"4ed1091\" data-element_type=\"widget\" data-e-type=\"widget\" data-widget_type=\"text-editor.default\">\n\t\t\t\t<div class=\"elementor-widget-container\">\n\t\t\t\t\t\t\t\t\t<p><strong>Adresse<\/strong><br \/>WeinSTAMM Oenothek AG<br \/>Tonwerkstrasse 4<br \/>8240 Thayngen<\/p><p><strong>Heures d&rsquo;ouverture<\/strong><br \/>Lun-Mer ferm\u00e9.<br \/>Jeu-Ven 10h00-12h00, 16h00-19h00<br \/>Sam 10h00-14h00<br \/>Dimanche ferm\u00e9.<\/p><p><strong>T\u00e9l\u00e9phone<\/strong><br \/><a href=\"tel:+41%2052%20620%2018%2085\">+41 52 620 18 85<\/a><\/p><p><strong>Courriel<\/strong><br \/><a href=\"&#x6d;&#x61;&#105;l&#x74;&#x6f;&#x3a;&#105;n&#x66;&#x6f;&#x40;&#119;e&#x69;&#x6e;&#x73;&#116;a&#x6d;&#x6d;&#x2e;&#99;h\">i&#110;&#102;&#x6f;&#x40;&#x77;&#x65;i&#110;&#115;&#116;&#x61;&#x6d;&#x6d;&#46;c&#104;<\/a><\/p>\t\t\t\t\t\t\t\t<\/div>\n\t\t\t\t<\/div>\n\t\t\t\t\t<\/div>\n\t\t<\/div>\n\t\t\t\t<div class=\"elementor-column elementor-col-66 elementor-top-column elementor-element elementor-element-aaa5335\" data-id=\"aaa5335\" data-element_type=\"column\" data-e-type=\"column\">\n\t\t\t<div class=\"elementor-widget-wrap elementor-element-populated\">\n\t\t\t\t\t\t<div class=\"elementor-element elementor-element-c6d1243 elementor-button-align-stretch elementor-widget elementor-widget-form\" data-id=\"c6d1243\" data-element_type=\"widget\" data-e-type=\"widget\" data-settings=\"{&quot;step_next_label&quot;:&quot;N\\u00e4chster&quot;,&quot;step_previous_label&quot;:&quot;Voriger&quot;,&quot;button_width&quot;:&quot;100&quot;,&quot;step_type&quot;:&quot;number_text&quot;,&quot;step_icon_shape&quot;:&quot;circle&quot;}\" data-widget_type=\"form.default\">\n\t\t\t\t<div class=\"elementor-widget-container\">\n\t\t\t\t\t\t\t<form class=\"elementor-form\" method=\"post\" name=\"Nouveau formulaire\" aria-label=\"Nouveau formulaire\">\n\t\t\t<input type=\"hidden\" name=\"post_id\" value=\"20817\"\/>\n\t\t\t<input type=\"hidden\" name=\"form_id\" value=\"c6d1243\"\/>\n\t\t\t<input type=\"hidden\" name=\"referer_title\" value=\"Contact | WeinSTAMM: Vins de Schaffhouse\" \/>\n\n\t\t\t\t\t\t\t<input type=\"hidden\" name=\"queried_id\" value=\"20817\"\/>\n\t\t\t\n\t\t\t<div class=\"elementor-form-fields-wrapper elementor-labels-above\">\n\t\t\t\t\t\t\t\t<div class=\"elementor-field-type-text elementor-field-group elementor-column elementor-field-group-name elementor-col-100\">\n\t\t\t\t\t\t\t\t\t\t\t\t<label for=\"form-field-name\" class=\"elementor-field-label\">\n\t\t\t\t\t\t\t\tNom\t\t\t\t\t\t\t<\/label>\n\t\t\t\t\t\t\t\t\t\t\t\t\t\t<input size=\"1\" type=\"text\" name=\"form_fields[name]\" id=\"form-field-name\" class=\"elementor-field elementor-size-sm  elementor-field-textual\" placeholder=\"Nom\">\n\t\t\t\t\t\t\t\t\t\t\t<\/div>\n\t\t\t\t\t\t\t\t<div class=\"elementor-field-type-email elementor-field-group elementor-column elementor-field-group-email elementor-col-100 elementor-field-required\">\n\t\t\t\t\t\t\t\t\t\t\t\t<label for=\"form-field-email\" class=\"elementor-field-label\">\n\t\t\t\t\t\t\t\tCourriel\t\t\t\t\t\t\t<\/label>\n\t\t\t\t\t\t\t\t\t\t\t\t\t\t<input size=\"1\" type=\"email\" name=\"form_fields[email]\" id=\"form-field-email\" class=\"elementor-field elementor-size-sm  elementor-field-textual\" placeholder=\"Courriel\" required=\"required\">\n\t\t\t\t\t\t\t\t\t\t\t<\/div>\n\t\t\t\t\t\t\t\t<div class=\"elementor-field-type-textarea elementor-field-group elementor-column elementor-field-group-message elementor-col-100\">\n\t\t\t\t\t\t\t\t\t\t\t\t<label for=\"form-field-message\" class=\"elementor-field-label\">\n\t\t\t\t\t\t\t\tMessage\t\t\t\t\t\t\t<\/label>\n\t\t\t\t\t\t<textarea class=\"elementor-field-textual elementor-field  elementor-size-sm\" name=\"form_fields[message]\" id=\"form-field-message\" rows=\"4\" placeholder=\"Message\"><\/textarea>\t\t\t\t<\/div>\n\t\t\t\t\t\t\t\t<div class=\"elementor-field-type-recaptcha_v3 elementor-field-group elementor-column elementor-field-group-field_4253e19 elementor-col-100 recaptcha_v3-bottomright\">\n\t\t\t\t\t<div class=\"elementor-field\" id=\"form-field-field_4253e19\"><div class=\"elementor-g-recaptcha\" data-sitekey=\"6LcagsMoAAAAAOfd9bE6F9fNVU0wRxLzWBIuoYFN\" data-type=\"v3\" data-action=\"Form\" data-badge=\"bottomright\" data-size=\"invisible\"><\/div><\/div>\t\t\t\t<\/div>\n\t\t\t\t\t\t\t\t<div class=\"elementor-field-group elementor-column elementor-field-type-submit elementor-col-100 e-form__buttons\">\n\t\t\t\t\t<button class=\"elementor-button elementor-size-sm\" type=\"submit\">\n\t\t\t\t\t\t<span class=\"elementor-button-content-wrapper\">\n\t\t\t\t\t\t\t\t\t\t\t\t\t\t\t\t\t\t\t\t\t\t<span class=\"elementor-button-text\">Envoyer<\/span>\n\t\t\t\t\t\t\t\t\t\t\t\t\t<\/span>\n\t\t\t\t\t<\/button>\n\t\t\t\t<\/div>\n\t\t\t<\/div>\n\t\t<\/form>\n\t\t\t\t\t\t<\/div>\n\t\t\t\t<\/div>\n\t\t\t\t\t<\/div>\n\t\t<\/div>\n\t\t\t\t\t<\/div>\n\t\t<\/section>\n\t\t\t\t<section class=\"elementor-section elementor-top-section elementor-element elementor-element-2bb7d12 elementor-section-full_width elementor-section-height-default elementor-section-height-default\" data-id=\"2bb7d12\" data-element_type=\"section\" data-e-type=\"section\">\n\t\t\t\t\t\t<div class=\"elementor-container elementor-column-gap-default\">\n\t\t\t\t\t<div class=\"elementor-column elementor-col-100 elementor-top-column elementor-element elementor-element-79e4e58\" data-id=\"79e4e58\" data-element_type=\"column\" data-e-type=\"column\">\n\t\t\t<div class=\"elementor-widget-wrap elementor-element-populated\">\n\t\t\t\t\t\t<div class=\"elementor-element elementor-element-ee4ead7 elementor-widget elementor-widget-google_maps\" data-id=\"ee4ead7\" data-element_type=\"widget\" data-e-type=\"widget\" data-widget_type=\"google_maps.default\">\n\t\t\t\t<div class=\"elementor-widget-container\">\n\t\t\t\t\t\t\t<div class=\"elementor-custom-embed\">\n\t\t\t<iframe loading=\"lazy\"\n\t\t\t\t\tsrc=\"https:\/\/maps.google.com\/maps?q=Weinstamm&#038;t=m&#038;z=15&#038;output=embed&#038;iwloc=near\"\n\t\t\t\t\ttitle=\"Weinstamm\"\n\t\t\t\t\taria-label=\"Weinstamm\"\n\t\t\t><\/iframe>\n\t\t<\/div>\n\t\t\t\t\t\t<\/div>\n\t\t\t\t<\/div>\n\t\t\t\t\t<\/div>\n\t\t<\/div>\n\t\t\t\t\t<\/div>\n\t\t<\/section>\n\t\t\t\t<\/div>\n\t\t","protected":false},"excerpt":{"rendered":"<p>NOUS CONTACTER AdresseWeinSTAMM Oenothek AGTonwerkstrasse 48240 Thayngen Heures d&rsquo;ouvertureLun-Mer ferm\u00e9.Jeu-Ven 10h00-12h00, 16h00-19h00Sam 10h00-14h00Dimanche ferm\u00e9. T\u00e9l\u00e9phone+41 52 620 18 85 Courrielinfo&#64;&#119;&#101;&#105;&#110;&#x73;&#x74;&#x61;&#x6d;&#x6d;&#x2e;&#x63;h<\/p>\n","protected":false},"author":2,"featured_media":19912,"parent":0,"menu_order":0,"comment_status":"closed","ping_status":"closed","template":"","meta":{"_acf_changed":false,"footnotes":""},"class_list":["post-20817","page","type-page","status-publish","has-post-thumbnail","hentry"],"acf":[],"yoast_head":"<!-- This site is optimized with the Yoast SEO plugin v27.2 - https:\/\/yoast.com\/product\/yoast-seo-wordpress\/ -->\n<title>Contact | WeinSTAMM: Vins de Schaffhouse<\/title>\n<meta name=\"description\" content=\"Des questions ou des suggestions concernant nos vins de qualit\u00e9? Contactez-nous par t\u00e9l\u00e9phone, par courriel ou par le biais du formulaire de contact.\" \/>\n<meta name=\"robots\" content=\"index, follow, max-snippet:-1, max-image-preview:large, max-video-preview:-1\" \/>\n<link rel=\"canonical\" href=\"https:\/\/weinstamm.ch\/fr\/kontakt\/\" \/>\n<meta property=\"og:locale\" content=\"fr_FR\" \/>\n<meta property=\"og:type\" content=\"article\" \/>\n<meta property=\"og:title\" content=\"Contact | WeinSTAMM: Vins de Schaffhouse\" \/>\n<meta property=\"og:description\" content=\"Des questions ou des suggestions concernant nos vins de qualit\u00e9? Contactez-nous par t\u00e9l\u00e9phone, par courriel ou par le biais du formulaire de contact.\" \/>\n<meta property=\"og:url\" content=\"https:\/\/weinstamm.ch\/fr\/kontakt\/\" \/>\n<meta property=\"og:site_name\" content=\"WeinSTAMM\" \/>\n<meta property=\"article:modified_time\" content=\"2023-10-23T14:24:14+00:00\" \/>\n<meta property=\"og:image\" content=\"https:\/\/weinstamm.ch\/wp-content\/uploads\/2020\/12\/kontakt_header.jpg\" \/>\n\t<meta property=\"og:image:width\" content=\"1920\" \/>\n\t<meta property=\"og:image:height\" content=\"900\" \/>\n\t<meta property=\"og:image:type\" content=\"image\/jpeg\" \/>\n<meta name=\"twitter:card\" content=\"summary_large_image\" \/>\n<meta name=\"twitter:label1\" content=\"Dur\u00e9e de lecture estim\u00e9e\" \/>\n\t<meta name=\"twitter:data1\" content=\"1 minute\" \/>\n<script type=\"application\/ld+json\" class=\"yoast-schema-graph\">{\"@context\":\"https:\/\/schema.org\",\"@graph\":[{\"@type\":\"WebPage\",\"@id\":\"https:\/\/weinstamm.ch\/fr\/kontakt\/\",\"url\":\"https:\/\/weinstamm.ch\/fr\/kontakt\/\",\"name\":\"Contact | WeinSTAMM: Vins de Schaffhouse\",\"isPartOf\":{\"@id\":\"https:\/\/weinstamm.ch\/#website\"},\"primaryImageOfPage\":{\"@id\":\"https:\/\/weinstamm.ch\/fr\/kontakt\/#primaryimage\"},\"image\":{\"@id\":\"https:\/\/weinstamm.ch\/fr\/kontakt\/#primaryimage\"},\"thumbnailUrl\":\"https:\/\/weinstamm.ch\/wp-content\/uploads\/2020\/12\/kontakt_header.jpg\",\"datePublished\":\"2015-10-13T09:34:44+00:00\",\"dateModified\":\"2023-10-23T14:24:14+00:00\",\"description\":\"Des questions ou des suggestions concernant nos vins de qualit\u00e9? Contactez-nous par t\u00e9l\u00e9phone, par courriel ou par le biais du formulaire de contact.\",\"breadcrumb\":{\"@id\":\"https:\/\/weinstamm.ch\/fr\/kontakt\/#breadcrumb\"},\"inLanguage\":\"fr-FR\",\"potentialAction\":[{\"@type\":\"ReadAction\",\"target\":[\"https:\/\/weinstamm.ch\/fr\/kontakt\/\"]}]},{\"@type\":\"ImageObject\",\"inLanguage\":\"fr-FR\",\"@id\":\"https:\/\/weinstamm.ch\/fr\/kontakt\/#primaryimage\",\"url\":\"https:\/\/weinstamm.ch\/wp-content\/uploads\/2020\/12\/kontakt_header.jpg\",\"contentUrl\":\"https:\/\/weinstamm.ch\/wp-content\/uploads\/2020\/12\/kontakt_header.jpg\",\"width\":1920,\"height\":900},{\"@type\":\"BreadcrumbList\",\"@id\":\"https:\/\/weinstamm.ch\/fr\/kontakt\/#breadcrumb\",\"itemListElement\":[{\"@type\":\"ListItem\",\"position\":1,\"name\":\"Startseite\",\"item\":\"https:\/\/weinstamm.ch\/\"},{\"@type\":\"ListItem\",\"position\":2,\"name\":\"CONTACT\"}]},{\"@type\":\"WebSite\",\"@id\":\"https:\/\/weinstamm.ch\/#website\",\"url\":\"https:\/\/weinstamm.ch\/\",\"name\":\"WeinSTAMM\",\"description\":\"Bioweine aus Schaffhausen\",\"publisher\":{\"@id\":\"https:\/\/weinstamm.ch\/#organization\"},\"potentialAction\":[{\"@type\":\"SearchAction\",\"target\":{\"@type\":\"EntryPoint\",\"urlTemplate\":\"https:\/\/weinstamm.ch\/?s={search_term_string}\"},\"query-input\":{\"@type\":\"PropertyValueSpecification\",\"valueRequired\":true,\"valueName\":\"search_term_string\"}}],\"inLanguage\":\"fr-FR\"},{\"@type\":\"Organization\",\"@id\":\"https:\/\/weinstamm.ch\/#organization\",\"name\":\"WeinSTAMM\",\"url\":\"https:\/\/weinstamm.ch\/\",\"logo\":{\"@type\":\"ImageObject\",\"inLanguage\":\"fr-FR\",\"@id\":\"https:\/\/weinstamm.ch\/#\/schema\/logo\/image\/\",\"url\":\"https:\/\/weinstamm.ch\/wp-content\/uploads\/2020\/11\/Weinstamm_Logo-1.jpg\",\"contentUrl\":\"https:\/\/weinstamm.ch\/wp-content\/uploads\/2020\/11\/Weinstamm_Logo-1.jpg\",\"width\":527,\"height\":67,\"caption\":\"WeinSTAMM\"},\"image\":{\"@id\":\"https:\/\/weinstamm.ch\/#\/schema\/logo\/image\/\"}}]}<\/script>\n<!-- \/ Yoast SEO plugin. -->","yoast_head_json":{"title":"Contact | WeinSTAMM: Vins de Schaffhouse","description":"Des questions ou des suggestions concernant nos vins de qualit\u00e9? Contactez-nous par t\u00e9l\u00e9phone, par courriel ou par le biais du formulaire de contact.","robots":{"index":"index","follow":"follow","max-snippet":"max-snippet:-1","max-image-preview":"max-image-preview:large","max-video-preview":"max-video-preview:-1"},"canonical":"https:\/\/weinstamm.ch\/fr\/kontakt\/","og_locale":"fr_FR","og_type":"article","og_title":"Contact | WeinSTAMM: Vins de Schaffhouse","og_description":"Des questions ou des suggestions concernant nos vins de qualit\u00e9? Contactez-nous par t\u00e9l\u00e9phone, par courriel ou par le biais du formulaire de contact.","og_url":"https:\/\/weinstamm.ch\/fr\/kontakt\/","og_site_name":"WeinSTAMM","article_modified_time":"2023-10-23T14:24:14+00:00","og_image":[{"width":1920,"height":900,"url":"https:\/\/weinstamm.ch\/wp-content\/uploads\/2020\/12\/kontakt_header.jpg","type":"image\/jpeg"}],"twitter_card":"summary_large_image","twitter_misc":{"Dur\u00e9e de lecture estim\u00e9e":"1 minute"},"schema":{"@context":"https:\/\/schema.org","@graph":[{"@type":"WebPage","@id":"https:\/\/weinstamm.ch\/fr\/kontakt\/","url":"https:\/\/weinstamm.ch\/fr\/kontakt\/","name":"Contact | WeinSTAMM: Vins de Schaffhouse","isPartOf":{"@id":"https:\/\/weinstamm.ch\/#website"},"primaryImageOfPage":{"@id":"https:\/\/weinstamm.ch\/fr\/kontakt\/#primaryimage"},"image":{"@id":"https:\/\/weinstamm.ch\/fr\/kontakt\/#primaryimage"},"thumbnailUrl":"https:\/\/weinstamm.ch\/wp-content\/uploads\/2020\/12\/kontakt_header.jpg","datePublished":"2015-10-13T09:34:44+00:00","dateModified":"2023-10-23T14:24:14+00:00","description":"Des questions ou des suggestions concernant nos vins de qualit\u00e9? Contactez-nous par t\u00e9l\u00e9phone, par courriel ou par le biais du formulaire de contact.","breadcrumb":{"@id":"https:\/\/weinstamm.ch\/fr\/kontakt\/#breadcrumb"},"inLanguage":"fr-FR","potentialAction":[{"@type":"ReadAction","target":["https:\/\/weinstamm.ch\/fr\/kontakt\/"]}]},{"@type":"ImageObject","inLanguage":"fr-FR","@id":"https:\/\/weinstamm.ch\/fr\/kontakt\/#primaryimage","url":"https:\/\/weinstamm.ch\/wp-content\/uploads\/2020\/12\/kontakt_header.jpg","contentUrl":"https:\/\/weinstamm.ch\/wp-content\/uploads\/2020\/12\/kontakt_header.jpg","width":1920,"height":900},{"@type":"BreadcrumbList","@id":"https:\/\/weinstamm.ch\/fr\/kontakt\/#breadcrumb","itemListElement":[{"@type":"ListItem","position":1,"name":"Startseite","item":"https:\/\/weinstamm.ch\/"},{"@type":"ListItem","position":2,"name":"CONTACT"}]},{"@type":"WebSite","@id":"https:\/\/weinstamm.ch\/#website","url":"https:\/\/weinstamm.ch\/","name":"WeinSTAMM","description":"Bioweine aus Schaffhausen","publisher":{"@id":"https:\/\/weinstamm.ch\/#organization"},"potentialAction":[{"@type":"SearchAction","target":{"@type":"EntryPoint","urlTemplate":"https:\/\/weinstamm.ch\/?s={search_term_string}"},"query-input":{"@type":"PropertyValueSpecification","valueRequired":true,"valueName":"search_term_string"}}],"inLanguage":"fr-FR"},{"@type":"Organization","@id":"https:\/\/weinstamm.ch\/#organization","name":"WeinSTAMM","url":"https:\/\/weinstamm.ch\/","logo":{"@type":"ImageObject","inLanguage":"fr-FR","@id":"https:\/\/weinstamm.ch\/#\/schema\/logo\/image\/","url":"https:\/\/weinstamm.ch\/wp-content\/uploads\/2020\/11\/Weinstamm_Logo-1.jpg","contentUrl":"https:\/\/weinstamm.ch\/wp-content\/uploads\/2020\/11\/Weinstamm_Logo-1.jpg","width":527,"height":67,"caption":"WeinSTAMM"},"image":{"@id":"https:\/\/weinstamm.ch\/#\/schema\/logo\/image\/"}}]}},"_links":{"self":[{"href":"https:\/\/weinstamm.ch\/fr\/wp-json\/wp\/v2\/pages\/20817","targetHints":{"allow":["GET"]}}],"collection":[{"href":"https:\/\/weinstamm.ch\/fr\/wp-json\/wp\/v2\/pages"}],"about":[{"href":"https:\/\/weinstamm.ch\/fr\/wp-json\/wp\/v2\/types\/page"}],"author":[{"embeddable":true,"href":"https:\/\/weinstamm.ch\/fr\/wp-json\/wp\/v2\/users\/2"}],"replies":[{"embeddable":true,"href":"https:\/\/weinstamm.ch\/fr\/wp-json\/wp\/v2\/comments?post=20817"}],"version-history":[{"count":33,"href":"https:\/\/weinstamm.ch\/fr\/wp-json\/wp\/v2\/pages\/20817\/revisions"}],"predecessor-version":[{"id":21914,"href":"https:\/\/weinstamm.ch\/fr\/wp-json\/wp\/v2\/pages\/20817\/revisions\/21914"}],"wp:featuredmedia":[{"embeddable":true,"href":"https:\/\/weinstamm.ch\/fr\/wp-json\/wp\/v2\/media\/19912"}],"wp:attachment":[{"href":"https:\/\/weinstamm.ch\/fr\/wp-json\/wp\/v2\/media?parent=20817"}],"curies":[{"name":"wp","href":"https:\/\/api.w.org\/{rel}","templated":true}]}}